{"id":1170,"date":"2017-08-14T15:10:04","date_gmt":"2017-08-14T13:10:04","guid":{"rendered":"http:\/\/andrehilgers.com\/?post_type=product&#038;p=1170"},"modified":"2026-04-23T10:04:04","modified_gmt":"2026-04-23T08:04:04","slug":"vom-proberaum-auf-die-buehne","status":"publish","type":"product","link":"https:\/\/andrehilgers.com\/en\/produkt\/vom-proberaum-auf-die-buehne\/","title":{"rendered":"VOM PROBERAUM AUF DIE B\u00dcHNE"},"content":{"rendered":"<div class=\"video video-fit mb\" style=\"padding-top:56.25%;\"><p><iframe loading=\"lazy\" width=\"1020\" height=\"574\" src=\"https:\/\/www.youtube.com\/embed\/RpntNeNGcQc?feature=oembed\" frameborder=\"0\" allowfullscreen><\/iframe><\/p>\n<\/div>\n<div class=\"row row-collapse row-full-width align-center row-solid\"  id=\"row-1488821468\">\n\n\t<div id=\"col-1133852224\" class=\"col medium-4 large-4\"  >\n\t\t<div class=\"col-inner text-center\"  >\n\t\t\t\n\t\t\t\n<h1 style=\"text-align: center;\"><img loading=\"lazy\" decoding=\"async\" class=\"alignnone size-full wp-image-737\" src=\"http:\/\/andrehilgers.com\/wp-content\/uploads\/2017\/01\/filmklappe.png\" alt=\"\" width=\"64\" height=\"64\" \/><br \/>\n60 Min.<\/h1>\n<p style=\"text-align: center;\">Pures Profiwissen, kompakt r\u00fcbergebracht!<\/p>\n\t\t<\/div>\n\t\t\t<\/div>\n\n\t\n\n\t<div id=\"col-190223561\" class=\"col medium-4 large-4\"  >\n\t\t<div class=\"col-inner\"  >\n\t\t\t\n\t\t\t\n<h1 style=\"text-align: center;\"><img loading=\"lazy\" decoding=\"async\" class=\"alignnone size-full wp-image-738\" src=\"http:\/\/andrehilgers.com\/wp-content\/uploads\/2017\/01\/hilgerspad.png\" alt=\"\" width=\"64\" height=\"64\" \/><br \/>\nDEIN SPEED<\/h1>\n<p style=\"text-align: center;\">Alle Videos sind f\u00fcr Dein Tablet optimiert und in Kapitel eingeteilt.<\/p>\n\t\t<\/div>\n\t\t\t<\/div>\n\n\t\n\n\t<div id=\"col-1337570976\" class=\"col medium-4 large-4\"  >\n\t\t<div class=\"col-inner\"  >\n\t\t\t\n\t\t\t\n<h1 style=\"text-align: center;\"><img loading=\"lazy\" decoding=\"async\" class=\"alignnone wp-image-1171 size-full\" src=\"http:\/\/andrehilgers.com\/wp-content\/uploads\/2017\/08\/drum-set.png\" alt=\"\" width=\"64\" height=\"64\" \/><br \/>\n32 JAHRE<\/h1>\n<p style=\"text-align: center;\">Jahrzentelange Trommel- und Coacherfahrung in einem Video!<\/p>\n\t\t<\/div>\n\t\t\t<\/div>\n\n\t\n<\/div>\n\t<div id=\"gap-1151215794\" class=\"gap-element clearfix\" style=\"display:block; height:auto;\">\n\t\t\n<style>\n#gap-1151215794 {\n  padding-top: 30px;\n}\n<\/style>\n\t<\/div>\n\t\n\n  <div class=\"banner has-hover\" id=\"banner-1438000686\">\n          <div class=\"banner-inner fill\">\n        <div class=\"banner-bg fill\" >\n            <div class=\"bg fill bg-fill \"><\/div>\n                        <div class=\"overlay\"><\/div>            \n                    <\/div>\n        <div class=\"banner-layers container\">\n            <div class=\"fill banner-link\"><\/div>            \n   <div id=\"text-box-906466184\" class=\"text-box banner-layer x50 md-x50 lg-x50 y50 md-y50 lg-y50 res-text\">\n                                <div class=\"text box-shadow-3 dark\">\n              \n              <div class=\"text-inner text-center\">\n                  \n<h4 class=\"uppercase\" style=\"text-align: center;\"><b>VOM PROBERAUM AUF DIE B\u00dcHNE<\/b><\/h4>\n<p class=\"p1\"><span class=\"s1\">In dieses Tutorial flossen die Erfahrung \u00a0aus \u00fcber 100 CD Produktionen, unz\u00e4hlige Touren rund um den Globus, 30 Jahre Coach und mindestens 32 Jahre Trommel Erfahrung in Prober\u00e4umen, Kellern und Studios mit ein.<\/span><\/p>\n<p class=\"p1\"><span class=\"s1\">Ich habe versucht Euch meine Erfahrungen zu vermitteln, was Ihr als Trommler am Anfang besonders beachten solltet. Auch wie Ihr unn\u00f6tige Fehler vermeiden k\u00f6nnt und mit Mitmusikern in einer Band agiert!<\/span><\/p>\n              <\/div>\n           <\/div>\n                            \n<style>\n#text-box-906466184 .text {\n  background-color: rgba(0, 0, 0, 0.59);\n  font-size: 100%;\n}\n#text-box-906466184 .text-inner {\n  padding: 30px 30px 30px 30px;\n}\n#text-box-906466184 {\n  width: 60%;\n}\n@media (min-width:550px) {\n  #text-box-906466184 {\n    width: 89%;\n  }\n}\n<\/style>\n    <\/div>\n \n        <\/div>\n      <\/div>\n\n            \n<style>\n#banner-1438000686 {\n  padding-top: 500px;\n}\n#banner-1438000686 .bg.bg-loaded {\n  background-image: url(https:\/\/andrehilgers.com\/wp-content\/uploads\/2018\/03\/equipmentheader-652x217.png);\n}\n#banner-1438000686 .overlay {\n  background-color: rgba(0,0,0,.5);\n}\n<\/style>\n  <\/div>\n\n\n\t<div id=\"gap-70707839\" class=\"gap-element clearfix\" style=\"display:block; height:auto;\">\n\t\t\n<style>\n#gap-70707839 {\n  padding-top: 30px;\n}\n<\/style>\n\t<\/div>\n\t\n<div class=\"row row-collapse row-full-width align-center row-solid\"  id=\"row-1908196109\">\n\n\t<div id=\"col-1441046598\" class=\"col medium-4 large-4\"  >\n\t\t<div class=\"col-inner\"  >\n\t\t\t\n\t\t\t\n<h1 style=\"text-align: center;\"><img loading=\"lazy\" decoding=\"async\" class=\"alignnone size-full wp-image-748\" src=\"http:\/\/andrehilgers.com\/wp-content\/uploads\/2017\/01\/www.png\" alt=\"\" width=\"64\" height=\"64\" \/><\/h1>\n<h1 style=\"text-align: center;\">24 STD<\/h1>\n<p style=\"text-align: center;\">Nach dem Kauf, hast Du immer Zugriff auf Deine Dateien!<\/p>\n\t\t<\/div>\n\t\t\t<\/div>\n\n\t\n\n\t<div id=\"col-1473701119\" class=\"col medium-4 large-4\"  >\n\t\t<div class=\"col-inner\"  >\n\t\t\t\n\t\t\t\n<h1 style=\"text-align: center;\"><img loading=\"lazy\" decoding=\"async\" class=\"alignnone size-full wp-image-750\" src=\"http:\/\/andrehilgers.com\/wp-content\/uploads\/2017\/01\/play_schwarz.png\" alt=\"\" width=\"64\" height=\"64\" \/><\/h1>\n<h1 style=\"text-align: center;\">JEDER BROWSER<\/h1>\n<p style=\"text-align: center;\">Die Videos sind f\u00fcr jeden aktuellen Browser optimiert, egal ob Desktop oder Mobil.<\/p>\n\t\t<\/div>\n\t\t\t<\/div>\n\n\t\n\n\t<div id=\"col-2066734242\" class=\"col medium-4 large-4\"  >\n\t\t<div class=\"col-inner\"  >\n\t\t\t\n\t\t\t\n<h1 style=\"text-align: center;\"><img loading=\"lazy\" decoding=\"async\" class=\"alignnone size-full wp-image-751\" src=\"http:\/\/andrehilgers.com\/wp-content\/uploads\/2017\/01\/euro.png\" alt=\"\" width=\"64\" height=\"64\" \/><\/h1>\n<h1 style=\"text-align: center;\">GELD ZUR\u00dcCK!<\/h1>\n<p style=\"text-align: center;\">Sollte das Training nicht zu Dir passen, erh\u00e4ltst Du garantiert innerhalb von 14 Tagen Dein Geld zur\u00fcck.<\/p>\n\t\t<\/div>\n\t\t\t<\/div>\n\n\t\n<\/div>\n\t<div id=\"gap-2026337244\" class=\"gap-element clearfix\" style=\"display:block; height:auto;\">\n\t\t\n<style>\n#gap-2026337244 {\n  padding-top: 30px;\n}\n<\/style>\n\t<\/div>\n\t\n\n  <div class=\"banner has-hover has-parallax\" id=\"banner-421975963\">\n          <div class=\"banner-inner fill\">\n        <div class=\"banner-bg fill\" data-parallax=\"-3\" data-parallax-container=\".banner\" data-parallax-background>\n            <div class=\"bg fill bg-fill \"><\/div>\n                        <div class=\"overlay\"><\/div>            \n                    <\/div>\n        <div class=\"banner-layers container\">\n            <div class=\"fill banner-link\"><\/div>            \n   <div id=\"text-box-398907291\" class=\"text-box banner-layer x50 md-x50 lg-x50 y50 md-y50 lg-y50 res-text\">\n                                <div class=\"text dark\">\n              \n              <div class=\"text-inner text-center\">\n                  \n  <div class=\"icon-box testimonial-box icon-box-left text-left is-large\">\n                <div class=\"icon-box-img testimonial-image circle\" style=\"width: 142px\">\n              <img loading=\"lazy\" decoding=\"async\" width=\"300\" height=\"224\" src=\"https:\/\/andrehilgers.com\/wp-content\/uploads\/2019\/11\/2016-12-15-PHOTO-00000233.jpg\" class=\"attachment-thumbnail size-thumbnail\" alt=\"\" \/>        <\/div>\n                <div class=\"icon-box-text p-last-0\">\n          <div class=\"star-rating\"><span style=\"width:100%\"><strong class=\"rating\"><\/strong><\/span><\/div>  \t\t\t\t<div class=\"testimonial-text line-height-small italic test_text first-reset last-reset is-italic\">\n            \n<p>Andr\u00e9 ist ein super Lehrer! Der Unterricht mit ihm macht wahnsinnig viel Spa\u00df. Durch seine lange Banderfahrung hat er immer einen guten Rat. Er nimmt sich intensiv Zeit f\u00fcr seine Sch\u00fcler. Danke!<\/p>\n          <\/div>\n          <div class=\"testimonial-meta pt-half\">\n             <strong class=\"testimonial-name test_name\">Jan<\/strong>\n                          <span class=\"testimonial-company test_company\"><\/span>\n          <\/div>\n        <\/div>\n  <\/div>\n\n  \n              <\/div>\n           <\/div>\n                            \n<style>\n#text-box-398907291 {\n  width: 100%;\n}\n#text-box-398907291 .text {\n  font-size: 100%;\n}\n@media (min-width:550px) {\n  #text-box-398907291 {\n    width: 78%;\n  }\n}\n<\/style>\n    <\/div>\n \n        <\/div>\n      <\/div>\n\n            \n<style>\n#banner-421975963 {\n  padding-top: 378px;\n}\n#banner-421975963 .bg.bg-loaded {\n  background-image: url(https:\/\/andrehilgers.com\/wp-content\/uploads\/2019\/11\/Andre_Hilgers_Beginner_Drum_Tutorial-2.jpg);\n}\n#banner-421975963 .overlay {\n  background-color: rgba(0,0,0,.5);\n}\n#banner-421975963 .bg {\n  background-position: 79% 68%;\n}\n<\/style>\n  <\/div>\n\n\n\t<div id=\"gap-998794811\" class=\"gap-element clearfix\" style=\"display:block; height:auto;\">\n\t\t\n<style>\n#gap-998794811 {\n  padding-top: 30px;\n}\n<\/style>\n\t<\/div>\n\t\n<div class=\"pricing-table-wrapper\">\n  <div class=\"pricing-table ux_price_table text-center box-shadow-4\">\n    <div class=\"pricing-table-header\">\n      <div class=\"title uppercase strong\">KAPITEL<\/div>\n      <div class=\"price is-xxlarge\">FULL HD VIDEO DATEIEN<\/div>\n              <div class=\"description is-small\">\n          IM 24 STD. STREAM        <\/div>\n          <\/div>\n    <div class=\"pricing-table-items items\">\n      \n<p><strong><span class=\"s1\">Kapitel #01<\/span><\/strong><\/p>\n<p><span class=\"s1\">Grundlegendes Wissen<br \/>\n<\/span><span class=\"s1\">Timing<br \/>\n<\/span><span class=\"s1\">Timing mit Anzeige<br \/>\n<\/span><span class=\"s1\">Grooves und Fills arrangieren um sie immer gleich zu spielen<\/span><\/p>\n<p><strong><span class=\"s1\">Kapitel #02<\/span><\/strong><\/p>\n<p><span class=\"s1\">Schlagzeug Aufbau und Vorbereitung f\u00fcr eine Show<br \/>\n<\/span><span class=\"s1\">Welches eigene Equipment sollte ich mitnehmen? Welches Gear wird ben\u00f6tigt?<\/span><\/p>\n<p><strong><span class=\"s1\">Kapitel #03<\/span><\/strong><\/p>\n<p><span class=\"s1\">schnelle Songs lernen und arrangieren<br \/>\n<\/span><span class=\"s1\">Mit Eurer Band Livebedingungen im Proberaum schaffen<\/span><\/p>\n<p><span class=\"s1\">-Proben mit einer Band<\/span><\/p>\n<p><span class=\"s1\">-Stick Spinning und Showeinlagen arrangieren<\/span><\/p>\n<p><strong><span class=\"s1\">Kapitel #04<\/span><\/strong><\/p>\n<p><span class=\"s1\">Vorbereitung f\u00fcr Live- oder Studiojob<br \/>\n<\/span><span class=\"s1\">Schriftliche Vorbereitung, Cheats etc.? Auswendig? Nach Noten?<br \/>\n<\/span><span class=\"s1\">Welche Software Kenntnisse brauch ich?<\/span><\/p>\n<p><strong><span class=\"s1\">Kapitel #05<\/span><\/strong><\/p>\n<p><span class=\"s1\">K\u00f6rperliche Vorbereitung f\u00fcr eine Show oder Studio Session<br \/>\n<\/span><span class=\"s1\">Training f\u00fcr einen Job? Ergo oder doch lieber im Proberaum?<br \/>\n<\/span><span class=\"s1\">Ern\u00e4hrung\u2026was kann helfen, was nicht!<\/span><\/p>\n<p>Dateien stehen nur im Stream und nicht zum Download zur Verf\u00fcgung.<\/p>\n    <\/div>\n      <\/div>\n<\/div>\n\n\n","protected":false},"excerpt":{"rendered":"<p><strong>INHALT:<\/strong> Vom Proberaum auf die B\u00fchne<br \/>\n<strong>DAUER:<\/strong>\u00a060 Minuten<br \/>\n<b>FORMAT:\u00a0<\/b>Full HD Videos<\/p>\n","protected":false},"featured_media":4967,"comment_status":"open","ping_status":"closed","template":"","meta":[],"product_brand":[],"product_cat":[59],"product_tag":[66,69,68,67,60],"class_list":{"0":"post-1170","1":"product","2":"type-product","3":"status-publish","4":"has-post-thumbnail","6":"product_cat-trainings","7":"product_tag-drum-tutorial","8":"product_tag-fortgeschrittenen-training","9":"product_tag-online-schlagzeug-training","10":"product_tag-online-schlagzeug-tutorial","11":"product_tag-trainings","13":"first","14":"instock","15":"downloadable","16":"virtual","17":"sold-individually","18":"purchasable","19":"product-type-simple"},"translation":{"provider":"WPGlobus","version":"3.0.0","language":"en","enabled_languages":["de","en"],"languages":{"de":{"title":true,"content":true,"excerpt":true},"en":{"title":false,"content":false,"excerpt":false}}},"_links":{"self":[{"href":"https:\/\/andrehilgers.com\/en\/wp-json\/wp\/v2\/product\/1170","targetHints":{"allow":["GET"]}}],"collection":[{"href":"https:\/\/andrehilgers.com\/en\/wp-json\/wp\/v2\/product"}],"about":[{"href":"https:\/\/andrehilgers.com\/en\/wp-json\/wp\/v2\/types\/product"}],"replies":[{"embeddable":true,"href":"https:\/\/andrehilgers.com\/en\/wp-json\/wp\/v2\/comments?post=1170"}],"wp:featuredmedia":[{"embeddable":true,"href":"https:\/\/andrehilgers.com\/en\/wp-json\/wp\/v2\/media\/4967"}],"wp:attachment":[{"href":"https:\/\/andrehilgers.com\/en\/wp-json\/wp\/v2\/media?parent=1170"}],"wp:term":[{"taxonomy":"product_brand","embeddable":true,"href":"https:\/\/andrehilgers.com\/en\/wp-json\/wp\/v2\/product_brand?post=1170"},{"taxonomy":"product_cat","embeddable":true,"href":"https:\/\/andrehilgers.com\/en\/wp-json\/wp\/v2\/product_cat?post=1170"},{"taxonomy":"product_tag","embeddable":true,"href":"https:\/\/andrehilgers.com\/en\/wp-json\/wp\/v2\/product_tag?post=1170"}],"curies":[{"name":"wp","href":"https:\/\/api.w.org\/{rel}","templated":true}]}}