{"id":1262,"date":"2017-12-18T10:31:44","date_gmt":"2017-12-18T09:31:44","guid":{"rendered":"http:\/\/andrehilgers.com\/?post_type=product&#038;p=1262"},"modified":"2026-04-08T10:04:57","modified_gmt":"2026-04-08T08:04:57","slug":"alles-rund-um-die-fusstechnik","status":"publish","type":"product","link":"https:\/\/andrehilgers.com\/en\/produkt\/alles-rund-um-die-fusstechnik\/","title":{"rendered":"ALLES RUND UM FUSSTECHNIKEN"},"content":{"rendered":"<div class=\"video video-fit mb\" style=\"padding-top:56.25%;\"><p><iframe loading=\"lazy\" width=\"1020\" height=\"574\" src=\"https:\/\/www.youtube.com\/embed\/8B42OhOyQI4?feature=oembed\" frameborder=\"0\" gesture=\"media\" allow=\"encrypted-media\" allowfullscreen><\/iframe><\/p>\n<\/div>\n<div class=\"row row-collapse row-full-width align-center row-solid\"  id=\"row-1630557541\">\n\n\t<div id=\"col-1439613357\" class=\"col medium-4 large-4\"  >\n\t\t<div class=\"col-inner text-center\"  >\n\t\t\t\n\t\t\t\n<h1 style=\"text-align: center;\"><img loading=\"lazy\" decoding=\"async\" class=\"alignnone size-full wp-image-737\" src=\"http:\/\/andrehilgers.com\/wp-content\/uploads\/2017\/01\/filmklappe.png\" alt=\"\" width=\"64\" height=\"64\" \/><br \/>\n52 Min.<\/h1>\n<p style=\"text-align: center;\">Intensives Schlagzeugtraining aus vier verschiedenen Kameraperspektiven in Full HD<\/p>\n\t\t<\/div>\n\t\t\t<\/div>\n\n\t\n\n\t<div id=\"col-1714082535\" class=\"col medium-4 large-4\"  >\n\t\t<div class=\"col-inner\"  >\n\t\t\t\n\t\t\t\n<h1 style=\"text-align: center;\"><img loading=\"lazy\" decoding=\"async\" class=\"alignnone size-full wp-image-738\" src=\"http:\/\/andrehilgers.com\/wp-content\/uploads\/2017\/01\/hilgerspad.png\" alt=\"\" width=\"64\" height=\"64\" \/><br \/>\nDEIN SPEED<\/h1>\n<p style=\"text-align: center;\">Alle Videos sind f\u00fcr Dein Tablet optimiert und in Kapitel eingeteilt.<\/p>\n\t\t<\/div>\n\t\t\t<\/div>\n\n\t\n\n\t<div id=\"col-1359803961\" class=\"col medium-4 large-4\"  >\n\t\t<div class=\"col-inner\"  >\n\t\t\t\n\t\t\t\n<h1 style=\"text-align: center;\"><img loading=\"lazy\" decoding=\"async\" class=\"alignnone wp-image-1171 size-full\" src=\"http:\/\/andrehilgers.com\/wp-content\/uploads\/2017\/08\/drum-set.png\" alt=\"\" width=\"64\" height=\"64\" \/><br \/>\nTECHNIKEN<\/h1>\n<p style=\"text-align: center;\">Meine besten Tipps rund um die Fu\u00dftechnik beim Schlagzeug spielen.<\/p>\n\t\t<\/div>\n\t\t\t<\/div>\n\n\t\n<\/div>\n\t<div id=\"gap-1566806298\" class=\"gap-element clearfix\" style=\"display:block; height:auto;\">\n\t\t\n<style>\n#gap-1566806298 {\n  padding-top: 30px;\n}\n<\/style>\n\t<\/div>\n\t\n\n  <div class=\"banner has-hover\" id=\"banner-1311295072\">\n          <div class=\"banner-inner fill\">\n        <div class=\"banner-bg fill\" >\n            <div class=\"bg fill bg-fill \"><\/div>\n                        <div class=\"overlay\"><\/div>            \n                    <\/div>\n        <div class=\"banner-layers container\">\n            <div class=\"fill banner-link\"><\/div>            \n   <div id=\"text-box-2076451941\" class=\"text-box banner-layer x50 md-x50 lg-x50 y50 md-y50 lg-y50 res-text\">\n                                <div class=\"text box-shadow-3 dark\">\n              \n              <div class=\"text-inner text-center\">\n                  \n<h4 class=\"uppercase\" style=\"text-align: center;\"><b>&#8221; Eine gute fusstechnik ist basiswissen!&#8221;<\/b><\/h4>\n<p class=\"p1\">In diesem Video erkl\u00e4re ich Euch systematisch, wie Ihr eine gute Fusstechnik erlernen, oder verbessern k\u00f6nnt. Ich zeige euch wie Ihr wichtige Basics wie, Sitzposition, Heel up\/down, Hihat Techniken, uvm. anwendet und Eure Power und Speed immens verbessern k\u00f6nnt.<\/p>\n              <\/div>\n           <\/div>\n                            \n<style>\n#text-box-2076451941 .text {\n  background-color: rgba(0, 0, 0, 0.59);\n  font-size: 100%;\n}\n#text-box-2076451941 .text-inner {\n  padding: 30px 30px 30px 30px;\n}\n#text-box-2076451941 {\n  width: 60%;\n}\n@media (min-width:550px) {\n  #text-box-2076451941 {\n    width: 89%;\n  }\n}\n<\/style>\n    <\/div>\n \n        <\/div>\n      <\/div>\n\n            \n<style>\n#banner-1311295072 {\n  padding-top: 500px;\n}\n#banner-1311295072 .bg.bg-loaded {\n  background-image: url(https:\/\/andrehilgers.com\/wp-content\/uploads\/2018\/03\/equipmentheader-652x217.png);\n}\n#banner-1311295072 .overlay {\n  background-color: rgba(0, 0, 0, 0.2);\n}\n#banner-1311295072 .bg {\n  background-position: 51% 57%;\n}\n<\/style>\n  <\/div>\n\n\n\t<div id=\"gap-523236488\" class=\"gap-element clearfix\" style=\"display:block; height:auto;\">\n\t\t\n<style>\n#gap-523236488 {\n  padding-top: 30px;\n}\n<\/style>\n\t<\/div>\n\t\n<div class=\"row row-collapse row-full-width align-center row-solid\"  id=\"row-709114302\">\n\n\t<div id=\"col-1118613335\" class=\"col medium-4 large-4\"  >\n\t\t<div class=\"col-inner\"  >\n\t\t\t\n\t\t\t\n<h1 style=\"text-align: center;\"><img loading=\"lazy\" decoding=\"async\" class=\"alignnone size-full wp-image-748\" src=\"http:\/\/andrehilgers.com\/wp-content\/uploads\/2017\/01\/www.png\" alt=\"\" width=\"64\" height=\"64\" \/><\/h1>\n<h1 style=\"text-align: center;\">24 STD<\/h1>\n<p style=\"text-align: center;\">Nach dem Kauf, hast Du immer Zugriff auf Deine Dateien!<\/p>\n\t\t<\/div>\n\t\t\t<\/div>\n\n\t\n\n\t<div id=\"col-1513526881\" class=\"col medium-4 large-4\"  >\n\t\t<div class=\"col-inner\"  >\n\t\t\t\n\t\t\t\n<h1 style=\"text-align: center;\"><img loading=\"lazy\" decoding=\"async\" class=\"alignnone size-full wp-image-750\" src=\"http:\/\/andrehilgers.com\/wp-content\/uploads\/2017\/01\/play_schwarz.png\" alt=\"\" width=\"64\" height=\"64\" \/><\/h1>\n<h1 style=\"text-align: center;\">JEDER BROWSER<\/h1>\n<p style=\"text-align: center;\">Die Videos sind f\u00fcr jeden aktuellen Browser optimiert, egal ob Desktop oder Mobil.<\/p>\n\t\t<\/div>\n\t\t\t<\/div>\n\n\t\n\n\t<div id=\"col-1646811941\" class=\"col medium-4 large-4\"  >\n\t\t<div class=\"col-inner\"  >\n\t\t\t\n\t\t\t\n<h1 style=\"text-align: center;\"><img loading=\"lazy\" decoding=\"async\" class=\"alignnone size-full wp-image-751\" src=\"http:\/\/andrehilgers.com\/wp-content\/uploads\/2017\/01\/euro.png\" alt=\"\" width=\"64\" height=\"64\" \/><\/h1>\n<h1 style=\"text-align: center;\">GELD ZUR\u00dcCK!<\/h1>\n<p style=\"text-align: center;\">Sollte das Tutorial nicht zu Dir passen, erh\u00e4ltst Du garantiert innerhalb von 14 Tagen Dein Geld zur\u00fcck.<\/p>\n\t\t<\/div>\n\t\t\t<\/div>\n\n\t\n<\/div>\n\t<div id=\"gap-937022994\" class=\"gap-element clearfix\" style=\"display:block; height:auto;\">\n\t\t\n<style>\n#gap-937022994 {\n  padding-top: 30px;\n}\n<\/style>\n\t<\/div>\n\t\n\n  <div class=\"banner has-hover has-parallax\" id=\"banner-1009647892\">\n          <div class=\"banner-inner fill\">\n        <div class=\"banner-bg fill\" data-parallax=\"-3\" data-parallax-container=\".banner\" data-parallax-background>\n            <div class=\"bg fill bg-fill \"><\/div>\n                        <div class=\"overlay\"><\/div>            \n                    <\/div>\n        <div class=\"banner-layers container\">\n            <div class=\"fill banner-link\"><\/div>            \n   <div id=\"text-box-60978216\" class=\"text-box banner-layer x50 md-x50 lg-x50 y50 md-y50 lg-y50 res-text\">\n                                <div class=\"text dark\">\n              \n              <div class=\"text-inner text-center\">\n                  \n  <div class=\"icon-box testimonial-box icon-box-left text-left is-large\">\n                <div class=\"icon-box-img testimonial-image circle\" style=\"width: 142px\">\n              <img loading=\"lazy\" decoding=\"async\" width=\"300\" height=\"224\" src=\"https:\/\/andrehilgers.com\/wp-content\/uploads\/2019\/11\/2016-12-15-PHOTO-00000233.jpg\" class=\"attachment-thumbnail size-thumbnail\" alt=\"\" \/>        <\/div>\n                <div class=\"icon-box-text p-last-0\">\n          <div class=\"star-rating\"><span style=\"width:100%\"><strong class=\"rating\"><\/strong><\/span><\/div>  \t\t\t\t<div class=\"testimonial-text line-height-small italic test_text first-reset last-reset is-italic\">\n            \n<p>Andr\u00e9 ist ein super Lehrer! Der Unterricht mit ihm macht wahnsinnig viel Spa\u00df. Durch seine lange Banderfahrung hat er immer einen guten Rat. Er nimmt sich intensiv Zeit f\u00fcr seine Sch\u00fcler. Danke!<\/p>\n          <\/div>\n          <div class=\"testimonial-meta pt-half\">\n             <strong class=\"testimonial-name test_name\">Jan<\/strong>\n                          <span class=\"testimonial-company test_company\"><\/span>\n          <\/div>\n        <\/div>\n  <\/div>\n\n  \n              <\/div>\n           <\/div>\n                            \n<style>\n#text-box-60978216 {\n  width: 100%;\n}\n#text-box-60978216 .text {\n  font-size: 100%;\n}\n@media (min-width:550px) {\n  #text-box-60978216 {\n    width: 78%;\n  }\n}\n<\/style>\n    <\/div>\n \n        <\/div>\n      <\/div>\n\n            \n<style>\n#banner-1009647892 {\n  padding-top: 378px;\n}\n#banner-1009647892 .bg.bg-loaded {\n  background-image: url(https:\/\/andrehilgers.com\/wp-content\/uploads\/2019\/11\/Andre_Hilgers_Beginner_Drum_Tutorial-2.jpg);\n}\n#banner-1009647892 .overlay {\n  background-color: rgba(0,0,0,.5);\n}\n#banner-1009647892 .bg {\n  background-position: 79% 68%;\n}\n<\/style>\n  <\/div>\n\n\n\t<div id=\"gap-1336455002\" class=\"gap-element clearfix\" style=\"display:block; height:auto;\">\n\t\t\n<style>\n#gap-1336455002 {\n  padding-top: 30px;\n}\n<\/style>\n\t<\/div>\n\t\n<div class=\"pricing-table-wrapper\">\n  <div class=\"pricing-table ux_price_table text-center box-shadow-4\">\n    <div class=\"pricing-table-header\">\n      <div class=\"title uppercase strong\">KAPITEL<\/div>\n      <div class=\"price is-xxlarge\">FULL HD VIDEO DATEIEN<\/div>\n              <div class=\"description is-small\">\n          IM 24STD. STREAM        <\/div>\n          <\/div>\n    <div class=\"pricing-table-items items\">\n      \n<p><span style=\"color: #808080;\"><strong><span class=\"s1\">Kapitel #01<\/span><\/strong><\/span><\/p>\n<p><span style=\"color: #808080;\">Single Pedal Einstellungen wie z.B. Feder, Bodenplatte, Trittfl\u00e4che<\/span><\/p>\n<p><span style=\"color: #808080;\"><strong><span class=\"s1\">Kapitel #02<\/span><\/strong><\/span><\/p>\n<p><span style=\"color: #808080;\">Doppel Pedal Einstellungen, wie z.B. Feder, Bodenplatte, Trittfl\u00e4che, Tricks mit der Welle und Installations Optimierung<\/span><\/p>\n<p><span style=\"color: #808080;\"><strong><span class=\"s1\">Kapitel #03<\/span><\/strong><\/span><\/p>\n<p><span style=\"color: #808080;\">Einstellung und Anpassung des HiHat Pedals und Anpassung Deiner Sitzposition<\/span><\/p>\n<p><span style=\"color: #808080;\"><strong><span class=\"s1\">Kapitel #04<\/span><\/strong><\/span><\/p>\n<p><span style=\"color: #808080;\">Tipps und \u00dcbungen f\u00fcr beide F\u00fcsse, Vor- und Nachteile von Heel up\/down<\/span><\/p>\n<p><span style=\"color: #808080;\"><strong><span class=\"s1\">Kapitel #05<\/span><\/strong><\/span><\/p>\n<p><span style=\"color: #808080;\">Warum Double? Warum Single Pedal? Liveeinsatz, Vorteile DP bei Live, Studio, oder Monitorsound<\/span><\/p>\n<p>Dateien stehen nur im Stream und nicht zum Download zur Verf\u00fcgung.<\/p>\n    <\/div>\n      <\/div>\n<\/div>\n\n\n","protected":false},"excerpt":{"rendered":"<p><strong>INHALT:<\/strong> Alles rund um die Fusstechnik Schlagzeug Tutorial<br \/>\n<strong>DAUER:<\/strong>\u00a052 Minuten<br \/>\n<b>FORMAT:\u00a0<\/b>Full HD Videos<\/p>\n","protected":false},"featured_media":4969,"comment_status":"open","ping_status":"closed","template":"","meta":[],"product_brand":[],"product_cat":[59],"product_tag":[],"class_list":{"0":"post-1262","1":"product","2":"type-product","3":"status-publish","4":"has-post-thumbnail","6":"product_cat-trainings","8":"first","9":"instock","10":"downloadable","11":"virtual","12":"sold-individually","13":"purchasable","14":"product-type-simple"},"translation":{"provider":"WPGlobus","version":"3.0.0","language":"en","enabled_languages":["de","en"],"languages":{"de":{"title":true,"content":true,"excerpt":true},"en":{"title":false,"content":false,"excerpt":false}}},"_links":{"self":[{"href":"https:\/\/andrehilgers.com\/en\/wp-json\/wp\/v2\/product\/1262","targetHints":{"allow":["GET"]}}],"collection":[{"href":"https:\/\/andrehilgers.com\/en\/wp-json\/wp\/v2\/product"}],"about":[{"href":"https:\/\/andrehilgers.com\/en\/wp-json\/wp\/v2\/types\/product"}],"replies":[{"embeddable":true,"href":"https:\/\/andrehilgers.com\/en\/wp-json\/wp\/v2\/comments?post=1262"}],"wp:featuredmedia":[{"embeddable":true,"href":"https:\/\/andrehilgers.com\/en\/wp-json\/wp\/v2\/media\/4969"}],"wp:attachment":[{"href":"https:\/\/andrehilgers.com\/en\/wp-json\/wp\/v2\/media?parent=1262"}],"wp:term":[{"taxonomy":"product_brand","embeddable":true,"href":"https:\/\/andrehilgers.com\/en\/wp-json\/wp\/v2\/product_brand?post=1262"},{"taxonomy":"product_cat","embeddable":true,"href":"https:\/\/andrehilgers.com\/en\/wp-json\/wp\/v2\/product_cat?post=1262"},{"taxonomy":"product_tag","embeddable":true,"href":"https:\/\/andrehilgers.com\/en\/wp-json\/wp\/v2\/product_tag?post=1262"}],"curies":[{"name":"wp","href":"https:\/\/api.w.org\/{rel}","templated":true}]}}