{"id":1306,"date":"2018-01-17T08:49:28","date_gmt":"2018-01-17T07:49:28","guid":{"rendered":"http:\/\/andrehilgers.com\/?post_type=product&#038;p=1306"},"modified":"2026-03-10T11:13:26","modified_gmt":"2026-03-10T10:13:26","slug":"schlagzeug-noten-fuer-jedermann","status":"publish","type":"product","link":"https:\/\/andrehilgers.com\/en\/produkt\/schlagzeug-noten-fuer-jedermann\/","title":{"rendered":"SCHLAGZEUG NOTEN F\u00dcR JEDERMANN"},"content":{"rendered":"<div class=\"video video-fit mb\" style=\"padding-top:56.25%;\"><p><iframe loading=\"lazy\" width=\"1020\" height=\"574\" src=\"https:\/\/www.youtube.com\/embed\/5detIUiUg0E?feature=oembed\" frameborder=\"0\" allow=\"autoplay; encrypted-media\" allowfullscreen><\/iframe><\/p>\n<\/div>\n<div class=\"row row-collapse row-full-width align-center row-solid\"  id=\"row-1425167080\">\n\n\t<div id=\"col-1054374554\" class=\"col medium-4 large-4\"  >\n\t\t<div class=\"col-inner text-center\"  >\n\t\t\t\n\t\t\t\n<h1 style=\"text-align: center;\"><img loading=\"lazy\" decoding=\"async\" class=\"alignnone size-full wp-image-737\" src=\"http:\/\/andrehilgers.com\/wp-content\/uploads\/2017\/01\/filmklappe.png\" alt=\"\" width=\"64\" height=\"64\" \/><br \/>\n60 Min.<\/h1>\n<p style=\"text-align: center;\">Hochwertig produzierte Lernvideos in Full HD f\u00fcr Schlagzeuger, die mehr \u00fcber Noten wissen m\u00f6chten.<\/p>\n\t\t<\/div>\n\t\t\t<\/div>\n\n\t\n\n\t<div id=\"col-262527515\" class=\"col medium-4 large-4\"  >\n\t\t<div class=\"col-inner\"  >\n\t\t\t\n\t\t\t\n<h1 style=\"text-align: center;\"><img loading=\"lazy\" decoding=\"async\" class=\"alignnone size-full wp-image-738\" src=\"http:\/\/andrehilgers.com\/wp-content\/uploads\/2017\/01\/hilgerspad.png\" alt=\"\" width=\"64\" height=\"64\" \/><br \/>\nDEIN SPEED<\/h1>\n<p style=\"text-align: center;\">Alle Videos sind f\u00fcr Dein Tablet optimiert und in Kapitel eingeteilt.<\/p>\n\t\t<\/div>\n\t\t\t<\/div>\n\n\t\n\n\t<div id=\"col-963803973\" class=\"col medium-4 large-4\"  >\n\t\t<div class=\"col-inner\"  >\n\t\t\t\n\t\t\t\n<h1 style=\"text-align: center;\"><img loading=\"lazy\" decoding=\"async\" class=\"alignnone size-full wp-image-1324\" src=\"http:\/\/andrehilgers.com\/wp-content\/uploads\/2018\/01\/musical-note.png\" alt=\"\" width=\"64\" height=\"64\" \/><br \/>\nNOTEN<\/h1>\n<p style=\"text-align: center;\">Alle wichtigen Tipps rund um Schlagzeugnoten<\/p>\n\t\t<\/div>\n\t\t\t<\/div>\n\n\t\n<\/div>\n\t<div id=\"gap-1067700339\" class=\"gap-element clearfix\" style=\"display:block; height:auto;\">\n\t\t\n<style>\n#gap-1067700339 {\n  padding-top: 30px;\n}\n<\/style>\n\t<\/div>\n\t\n\n  <div class=\"banner has-hover\" id=\"banner-1137588397\">\n          <div class=\"banner-inner fill\">\n        <div class=\"banner-bg fill\" >\n            <div class=\"bg fill bg-fill \"><\/div>\n                        <div class=\"overlay\"><\/div>            \n                    <\/div>\n        <div class=\"banner-layers container\">\n            <div class=\"fill banner-link\"><\/div>            \n   <div id=\"text-box-716443864\" class=\"text-box banner-layer x50 md-x50 lg-x50 y50 md-y50 lg-y50 res-text\">\n                                <div class=\"text box-shadow-3 dark\">\n              \n              <div class=\"text-inner text-center\">\n                  \n<h4 class=\"uppercase\">MEHR SPEED? MEHR PR\u00c4ZISION? MEHR SPA\u00df?<\/h4>\n<p class=\"\">Noten sind wichtiges Basiswissen f\u00fcr Deine gesamten Techniken.<\/p>\n<p class=\"\">In diesem Video erkl\u00e4re ich Dir systematisch, welche Bedeutung die verschiedenen Schlagzeug Noten am Anfang haben.<\/p>\n<p class=\"\">Das Tutorial richtet sich an Anf\u00e4nger oder Fortgeschrittene die bisher ohne Noten gespielt haben.<\/p>\n<p class=\"\">Ich habe bewusst alles sehr einfach erkl\u00e4rt um Euch das Noten lesen n\u00e4her zu bringen und somit die Grundlage f\u00fcr ein optimiertes Drumming zu schaffen!<\/p>\n<p>Nat\u00fcrlich ist dieses Video auch f\u00fcr Gitarristen, Bassisten oder S\u00e4nger \u00fcberaus hilfreich, um die Band Arbeit und das Niveau zu erh\u00f6hen.<\/p>\n              <\/div>\n           <\/div>\n                            \n<style>\n#text-box-716443864 .text {\n  background-color: rgba(0, 0, 0, 0.59);\n  font-size: 100%;\n}\n#text-box-716443864 .text-inner {\n  padding: 30px 30px 30px 30px;\n}\n#text-box-716443864 {\n  width: 60%;\n}\n@media (min-width:550px) {\n  #text-box-716443864 {\n    width: 89%;\n  }\n}\n<\/style>\n    <\/div>\n \n        <\/div>\n      <\/div>\n\n            \n<style>\n#banner-1137588397 {\n  padding-top: 500px;\n}\n#banner-1137588397 .bg.bg-loaded {\n  background-image: url(https:\/\/andrehilgers.com\/wp-content\/uploads\/2018\/03\/equipmentheader-652x217.png);\n}\n#banner-1137588397 .overlay {\n  background-color: rgba(0,0,0,.5);\n}\n#banner-1137588397 .bg {\n  background-position: 47% 79%;\n}\n<\/style>\n  <\/div>\n\n\n\t<div id=\"gap-544542024\" class=\"gap-element clearfix\" style=\"display:block; height:auto;\">\n\t\t\n<style>\n#gap-544542024 {\n  padding-top: 30px;\n}\n<\/style>\n\t<\/div>\n\t\n<div class=\"row row-collapse row-full-width align-center row-solid\"  id=\"row-1491313850\">\n\n\t<div id=\"col-1108361644\" class=\"col medium-4 large-4\"  >\n\t\t<div class=\"col-inner\"  >\n\t\t\t\n\t\t\t\n<h1 style=\"text-align: center;\"><img loading=\"lazy\" decoding=\"async\" class=\"alignnone size-full wp-image-748\" src=\"http:\/\/andrehilgers.com\/wp-content\/uploads\/2017\/01\/www.png\" alt=\"\" width=\"64\" height=\"64\" \/><\/h1>\n<h1 style=\"text-align: center;\">24 STD<\/h1>\n<p style=\"text-align: center;\">Nach dem Kauf, hast Du immer Zugriff auf Deine Videos\/ PDF\u00b4S<\/p>\n\t\t<\/div>\n\t\t\t<\/div>\n\n\t\n\n\t<div id=\"col-1415946895\" class=\"col medium-4 large-4\"  >\n\t\t<div class=\"col-inner\"  >\n\t\t\t\n\t\t\t\n<h1 style=\"text-align: center;\"><img loading=\"lazy\" decoding=\"async\" class=\"alignnone size-full wp-image-750\" src=\"http:\/\/andrehilgers.com\/wp-content\/uploads\/2017\/01\/play_schwarz.png\" alt=\"\" width=\"64\" height=\"64\" \/><\/h1>\n<h1 style=\"text-align: center;\">JEDER BROWSER<\/h1>\n<p style=\"text-align: center;\">Die Videos sind f\u00fcr jeden aktuellen Browser optimiert, egal ob Desktop oder Mobil.<\/p>\n\t\t<\/div>\n\t\t\t<\/div>\n\n\t\n\n\t<div id=\"col-772375050\" class=\"col medium-4 large-4\"  >\n\t\t<div class=\"col-inner\"  >\n\t\t\t\n\t\t\t\n<h1 style=\"text-align: center;\"><img loading=\"lazy\" decoding=\"async\" class=\"alignnone size-full wp-image-751\" src=\"http:\/\/andrehilgers.com\/wp-content\/uploads\/2017\/01\/euro.png\" alt=\"\" width=\"64\" height=\"64\" \/><\/h1>\n<h1 style=\"text-align: center;\">GELD ZUR\u00dcCK!<\/h1>\n<p style=\"text-align: center;\">Sollte das Tutorial nicht zu Dir passen, erh\u00e4ltst Du garantiert innerhalb von 14 Tagen Dein Geld zur\u00fcck.<\/p>\n\t\t<\/div>\n\t\t\t<\/div>\n\n\t\n<\/div>\n\t<div id=\"gap-636177631\" class=\"gap-element clearfix\" style=\"display:block; height:auto;\">\n\t\t\n<style>\n#gap-636177631 {\n  padding-top: 30px;\n}\n<\/style>\n\t<\/div>\n\t\n\n  <div class=\"banner has-hover has-parallax\" id=\"banner-1682911410\">\n          <div class=\"banner-inner fill\">\n        <div class=\"banner-bg fill\" data-parallax=\"-3\" data-parallax-container=\".banner\" data-parallax-background>\n            <div class=\"bg fill bg-fill \"><\/div>\n                        <div class=\"overlay\"><\/div>            \n                    <\/div>\n        <div class=\"banner-layers container\">\n            <div class=\"fill banner-link\"><\/div>            \n   <div id=\"text-box-1462990335\" class=\"text-box banner-layer x50 md-x50 lg-x50 y50 md-y50 lg-y50 res-text\">\n                                <div class=\"text dark\">\n              \n              <div class=\"text-inner text-center\">\n                  \n  <div class=\"icon-box testimonial-box icon-box-left text-left is-large\">\n                <div class=\"icon-box-img testimonial-image circle\" style=\"width: 142px\">\n              <img loading=\"lazy\" decoding=\"async\" width=\"300\" height=\"224\" src=\"https:\/\/andrehilgers.com\/wp-content\/uploads\/2019\/11\/2016-12-15-PHOTO-00000233.jpg\" class=\"attachment-thumbnail size-thumbnail\" alt=\"\" \/>        <\/div>\n                <div class=\"icon-box-text p-last-0\">\n          <div class=\"star-rating\"><span style=\"width:100%\"><strong class=\"rating\"><\/strong><\/span><\/div>  \t\t\t\t<div class=\"testimonial-text line-height-small italic test_text first-reset last-reset is-italic\">\n            \n<p>Andr\u00e9 ist ein super Lehrer! Der Unterricht mit ihm macht wahnsinnig viel Spa\u00df. Durch seine lange Banderfahrung hat er immer einen guten Rat. Er nimmt sich intensiv Zeit f\u00fcr seine Sch\u00fcler. Danke!<\/p>\n          <\/div>\n          <div class=\"testimonial-meta pt-half\">\n             <strong class=\"testimonial-name test_name\">Jan<\/strong>\n                          <span class=\"testimonial-company test_company\"><\/span>\n          <\/div>\n        <\/div>\n  <\/div>\n\n  \n              <\/div>\n           <\/div>\n                            \n<style>\n#text-box-1462990335 {\n  width: 100%;\n}\n#text-box-1462990335 .text {\n  font-size: 100%;\n}\n@media (min-width:550px) {\n  #text-box-1462990335 {\n    width: 78%;\n  }\n}\n<\/style>\n    <\/div>\n \n        <\/div>\n      <\/div>\n\n            \n<style>\n#banner-1682911410 {\n  padding-top: 378px;\n}\n#banner-1682911410 .bg.bg-loaded {\n  background-image: url(https:\/\/andrehilgers.com\/wp-content\/uploads\/2019\/11\/Andre_Hilgers_Beginner_Drum_Tutorial-2.jpg);\n}\n#banner-1682911410 .overlay {\n  background-color: rgba(0,0,0,.5);\n}\n#banner-1682911410 .bg {\n  background-position: 79% 68%;\n}\n<\/style>\n  <\/div>\n\n\n\t<div id=\"gap-1939149888\" class=\"gap-element clearfix\" style=\"display:block; height:auto;\">\n\t\t\n<style>\n#gap-1939149888 {\n  padding-top: 30px;\n}\n<\/style>\n\t<\/div>\n\t\n<div class=\"pricing-table-wrapper\">\n  <div class=\"pricing-table ux_price_table text-center box-shadow-4\">\n    <div class=\"pricing-table-header\">\n      <div class=\"title uppercase strong\">KAPITEL<\/div>\n      <div class=\"price is-xxlarge\">FULL HD VIDEO DATEIEN<\/div>\n              <div class=\"description is-small\">\n          IM 24STD. STREAM        <\/div>\n          <\/div>\n    <div class=\"pricing-table-items items\">\n      \n<p><strong><span class=\"s1\">Kapitel #01<\/span><\/strong><\/p>\n<p>Notenbaum, 4tel Noten, was bedeuten BPM?, 8tel und 16tel Noten<\/p>\n<p><strong><span class=\"s1\">Kapitel #02<\/span><\/strong><\/p>\n<p>Triolen und 12\/8 Noten, 3\/4, 5\/8 und 7\/8 Noten<\/p>\n<p><strong><span class=\"s1\">Kapitel #03<\/span><\/strong><\/p>\n<p>Theoretische und praktische \u00dcbungen f\u00fcr den Alltag<\/p>\n<p><strong><span class=\"s1\">#PDF<\/span><\/strong><\/p>\n<p>Passend zum Tutorial erh\u00e4ltst Du eine PDF mit weiteren praktischen \u00dcbungen f\u00fcr die Snare und Deinen ersten Groove im 4 bis 8tel Takt!<\/p>\n<p>Dateien stehen nur im Stream und nicht zum Download zur Verf\u00fcgung.<\/p>\n    <\/div>\n      <\/div>\n<\/div>\n\n\n","protected":false},"excerpt":{"rendered":"<p><strong>DAUER:<\/strong> ca. 60 min<br \/>\n<strong>FORMAT<\/strong>: Full HD Videos<br \/>\n<strong>BONUS:<\/strong> PDF mit praktischen \u00dcbungen Snare- und Groove\u00fcbungen<\/p>\n<p>SOFORT VERF\u00dcGBAR<\/p>\n","protected":false},"featured_media":4968,"comment_status":"open","ping_status":"closed","template":"","meta":[],"product_brand":[],"product_cat":[59],"product_tag":[],"class_list":{"0":"post-1306","1":"product","2":"type-product","3":"status-publish","4":"has-post-thumbnail","6":"product_cat-trainings","8":"first","9":"instock","10":"downloadable","11":"virtual","12":"sold-individually","13":"purchasable","14":"product-type-simple"},"translation":{"provider":"WPGlobus","version":"3.0.0","language":"en","enabled_languages":["de","en"],"languages":{"de":{"title":true,"content":true,"excerpt":true},"en":{"title":false,"content":false,"excerpt":false}}},"_links":{"self":[{"href":"https:\/\/andrehilgers.com\/en\/wp-json\/wp\/v2\/product\/1306","targetHints":{"allow":["GET"]}}],"collection":[{"href":"https:\/\/andrehilgers.com\/en\/wp-json\/wp\/v2\/product"}],"about":[{"href":"https:\/\/andrehilgers.com\/en\/wp-json\/wp\/v2\/types\/product"}],"replies":[{"embeddable":true,"href":"https:\/\/andrehilgers.com\/en\/wp-json\/wp\/v2\/comments?post=1306"}],"wp:featuredmedia":[{"embeddable":true,"href":"https:\/\/andrehilgers.com\/en\/wp-json\/wp\/v2\/media\/4968"}],"wp:attachment":[{"href":"https:\/\/andrehilgers.com\/en\/wp-json\/wp\/v2\/media?parent=1306"}],"wp:term":[{"taxonomy":"product_brand","embeddable":true,"href":"https:\/\/andrehilgers.com\/en\/wp-json\/wp\/v2\/product_brand?post=1306"},{"taxonomy":"product_cat","embeddable":true,"href":"https:\/\/andrehilgers.com\/en\/wp-json\/wp\/v2\/product_cat?post=1306"},{"taxonomy":"product_tag","embeddable":true,"href":"https:\/\/andrehilgers.com\/en\/wp-json\/wp\/v2\/product_tag?post=1306"}],"curies":[{"name":"wp","href":"https:\/\/api.w.org\/{rel}","templated":true}]}}