{"id":1659,"date":"2018-03-12T10:02:01","date_gmt":"2018-03-12T09:02:01","guid":{"rendered":"http:\/\/andrehilgers.com\/?post_type=product&#038;p=1659"},"modified":"2026-03-14T02:01:13","modified_gmt":"2026-03-14T01:01:13","slug":"double-bass-techniken","status":"publish","type":"product","link":"https:\/\/andrehilgers.com\/en\/produkt\/double-bass-techniken\/","title":{"rendered":"DOUBLE BASS TECHNIKEN 4 WOCHEN CRASH KURS"},"content":{"rendered":"<div class=\"video video-fit mb\" style=\"padding-top:56.25%;\"><p><iframe loading=\"lazy\" width=\"1020\" height=\"574\" src=\"https:\/\/www.youtube.com\/embed\/rYO1-PvsZcc?feature=oembed\" frameborder=\"0\" allow=\"autoplay; encrypted-media\" allowfullscreen><\/iframe><\/p>\n<\/div>\n<div class=\"row row-collapse row-full-width align-center row-solid\"  id=\"row-1377220261\">\n\n\t<div id=\"col-549451920\" class=\"col medium-4 large-4\"  >\n\t\t<div class=\"col-inner text-center\"  >\n\t\t\t\n\t\t\t\n<h1 style=\"text-align: center;\"><img loading=\"lazy\" decoding=\"async\" class=\"alignnone size-full wp-image-737\" src=\"http:\/\/andrehilgers.com\/wp-content\/uploads\/2017\/01\/filmklappe.png\" alt=\"\" width=\"64\" height=\"64\" \/><br \/>\n120 min +<\/h1>\n<p style=\"text-align: center;\">Intensives Schlagzeugtraining aus vier verschiedenen Kameraperspektiven in Full HD<\/p>\n\t\t<\/div>\n\t\t\t<\/div>\n\n\t\n\n\t<div id=\"col-929316147\" class=\"col medium-4 large-4\"  >\n\t\t<div class=\"col-inner\"  >\n\t\t\t\n\t\t\t\n<h1 style=\"text-align: center;\"><img loading=\"lazy\" decoding=\"async\" class=\"alignnone size-full wp-image-738\" src=\"http:\/\/andrehilgers.com\/wp-content\/uploads\/2017\/01\/hilgerspad.png\" alt=\"\" width=\"64\" height=\"64\" \/><br \/>\nDEIN SPEED<\/h1>\n<p style=\"text-align: center;\">Alle Videos sind f\u00fcr Dein Tablet optimiert und in Kapitel eingeteilt.<\/p>\n\t\t<\/div>\n\t\t\t<\/div>\n\n\t\n\n\t<div id=\"col-1939142463\" class=\"col medium-4 large-4\"  >\n\t\t<div class=\"col-inner\"  >\n\t\t\t\n\t\t\t\n<h1 style=\"text-align: center;\"><img loading=\"lazy\" decoding=\"async\" class=\"alignnone wp-image-1171 size-full\" src=\"http:\/\/andrehilgers.com\/wp-content\/uploads\/2017\/08\/drum-set.png\" alt=\"\" width=\"64\" height=\"64\" \/><br \/>\nTECHNIKEN<\/h1>\n<p style=\"text-align: center;\">Meine Tricks und Tipps, rund um das DOUBLE BASS spielen.<\/p>\n\t\t<\/div>\n\t\t\t<\/div>\n\n\t\n<\/div>\n\t<div id=\"gap-324394749\" class=\"gap-element clearfix\" style=\"display:block; height:auto;\">\n\t\t\n<style>\n#gap-324394749 {\n  padding-top: 30px;\n}\n<\/style>\n\t<\/div>\n\t\n\n  <div class=\"banner has-hover\" id=\"banner-1175259336\">\n          <div class=\"banner-inner fill\">\n        <div class=\"banner-bg fill\" >\n            <div class=\"bg fill bg-fill \"><\/div>\n                        <div class=\"overlay\"><\/div>            \n                    <\/div>\n        <div class=\"banner-layers container\">\n            <div class=\"fill banner-link\"><\/div>            \n   <div id=\"text-box-12122711\" class=\"text-box banner-layer x50 md-x50 lg-x50 y50 md-y50 lg-y50 res-text\">\n                                <div class=\"text box-shadow-3 dark\">\n              \n              <div class=\"text-inner text-center\">\n                  \n<h4 class=\"uppercase\" style=\"text-align: center;\"><b>&#8220;DOUBLE BASS TECHNIKEN&#8221;<\/b><\/h4>\n<p>In meinem neuen Video zeige ich Euch, wie Ihr Euer Double Bass Spiel gezielt aufbauen und verbessern k\u00f6nnt. Hihats in 4\/8\/16 tel Bereichen gepaart mit verschiedenen Fuss \u00dcbungen, Paradiddlen als Hands\u00e4tze, coole Double Bass Figuren und vieles mehr.<\/p>\n<p>Ich habe bewusst alles sehr einfach und nachvollziehbar\u00a0erkl\u00e4rt, damit Ihr schnell und effektiv Fortschritte erzielen werdet. Grundvorraussetzungen sind nat\u00fcrlich Notenkenntnisse im 8 und 16tel Bereich. Ihr braucht f\u00fcr dieses Video keine Double Bass Kenntnisse sondern lediglich die passende Hardware in Pedal Form.<\/p>\n<p>Wer schon Grundkenntnisse im Double Bass spielen hat, kann mit diesem Tutorial definitiv seine Technik nochmal verbessern.<\/p>\n<p>In diesem Tutorial habt Ihr mit der beigef\u00fcgten PDF\u00a0140 Basis Grooves, die in verschiedenen Variationen ge\u00fcbt werden k\u00f6nnen, z.B mit unterschiedlichen Fills und auch als Doppeltakte.<br \/>\nZus\u00e4tzlich stelle\u00a0ich\u00a0Euch\u00a0weitere\u00a026 Fills f\u00fcr das\u00a0komplette Drumkit mit ca. 3640 verschiedenen Varianten zur Verf\u00fcgung. Damit biete ich\u00a0Euch einen durchdachten \u00dcbungsplan der erstmal keine Fragen offen l\u00e4sst und Euch definitiv TIGHTER UND INDIVIDUELLER klingen l\u00e4sst.<\/p>\n<p>&#8230;sprich wenn ihr jeden Tag 1 Variante \u00fcbt, habt ihr 10 Jahre etwas zu tun\u00a0um Eure Technik\u00a0zu optimieren.<\/p>\n              <\/div>\n           <\/div>\n                            \n<style>\n#text-box-12122711 .text {\n  background-color: rgba(0, 0, 0, 0.59);\n  font-size: 100%;\n}\n#text-box-12122711 .text-inner {\n  padding: 30px 30px 30px 30px;\n}\n#text-box-12122711 {\n  width: 60%;\n}\n@media (min-width:550px) {\n  #text-box-12122711 {\n    width: 89%;\n  }\n}\n<\/style>\n    <\/div>\n \n        <\/div>\n      <\/div>\n\n            \n<style>\n#banner-1175259336 {\n  padding-top: 560px;\n}\n#banner-1175259336 .bg.bg-loaded {\n  background-image: url(https:\/\/andrehilgers.com\/wp-content\/uploads\/2018\/03\/DSC07406-2-652x367.jpg);\n}\n#banner-1175259336 .overlay {\n  background-color: rgba(0,0,0,.5);\n}\n#banner-1175259336 .bg {\n  background-position: 45% 36%;\n}\n<\/style>\n  <\/div>\n\n\n\t<div id=\"gap-1281281360\" class=\"gap-element clearfix\" style=\"display:block; height:auto;\">\n\t\t\n<style>\n#gap-1281281360 {\n  padding-top: 30px;\n}\n<\/style>\n\t<\/div>\n\t\n<div class=\"row row-collapse row-full-width align-center row-solid\"  id=\"row-1615606048\">\n\n\t<div id=\"col-277851174\" class=\"col medium-4 large-4\"  >\n\t\t<div class=\"col-inner\"  >\n\t\t\t\n\t\t\t\n<h1 style=\"text-align: center;\"><img loading=\"lazy\" decoding=\"async\" class=\"alignnone size-full wp-image-748\" src=\"http:\/\/andrehilgers.com\/wp-content\/uploads\/2017\/01\/www.png\" alt=\"\" width=\"64\" height=\"64\" \/><\/h1>\n<h1 style=\"text-align: center;\">24 STD<\/h1>\n<p style=\"text-align: center;\">Nach dem Kauf, hast Du immer Zugriff auf Deine Videos!<\/p>\n\t\t<\/div>\n\t\t\t<\/div>\n\n\t\n\n\t<div id=\"col-1818716348\" class=\"col medium-4 large-4\"  >\n\t\t<div class=\"col-inner\"  >\n\t\t\t\n\t\t\t\n<h1 style=\"text-align: center;\"><img loading=\"lazy\" decoding=\"async\" class=\"alignnone size-full wp-image-750\" src=\"http:\/\/andrehilgers.com\/wp-content\/uploads\/2017\/01\/play_schwarz.png\" alt=\"\" width=\"64\" height=\"64\" \/><\/h1>\n<h1 style=\"text-align: center;\">JEDER BROWSER<\/h1>\n<p style=\"text-align: center;\">Die Videos sind f\u00fcr jeden aktuellen Browser optimiert, egal ob Desktop oder Mobil.<\/p>\n\t\t<\/div>\n\t\t\t<\/div>\n\n\t\n\n\t<div id=\"col-730500855\" class=\"col medium-4 large-4\"  >\n\t\t<div class=\"col-inner\"  >\n\t\t\t\n\t\t\t\n<h1 style=\"text-align: center;\"><img loading=\"lazy\" decoding=\"async\" class=\"alignnone size-full wp-image-751\" src=\"http:\/\/andrehilgers.com\/wp-content\/uploads\/2017\/01\/euro.png\" alt=\"\" width=\"64\" height=\"64\" \/><\/h1>\n<h1 style=\"text-align: center;\">GELD ZUR\u00dcCK!<\/h1>\n<p style=\"text-align: center;\">Sollte das Tutorial nicht zu Dir passen, erh\u00e4ltst Du garantiert innerhalb von 14 Tagen Dein Geld zur\u00fcck.<\/p>\n\t\t<\/div>\n\t\t\t<\/div>\n\n\t\n<\/div>\n\t<div id=\"gap-424515512\" class=\"gap-element clearfix\" style=\"display:block; height:auto;\">\n\t\t\n<style>\n#gap-424515512 {\n  padding-top: 30px;\n}\n<\/style>\n\t<\/div>\n\t\n\n  <div class=\"banner has-hover has-parallax\" id=\"banner-2144440041\">\n          <div class=\"banner-inner fill\">\n        <div class=\"banner-bg fill\" data-parallax=\"-3\" data-parallax-container=\".banner\" data-parallax-background>\n            <div class=\"bg fill bg-fill \"><\/div>\n                        <div class=\"overlay\"><\/div>            \n                    <\/div>\n        <div class=\"banner-layers container\">\n            <div class=\"fill banner-link\"><\/div>            \n   <div id=\"text-box-1054722120\" class=\"text-box banner-layer x50 md-x50 lg-x50 y50 md-y50 lg-y50 res-text\">\n                                <div class=\"text dark\">\n              \n              <div class=\"text-inner text-center\">\n                  \n  <div class=\"icon-box testimonial-box icon-box-left text-left is-large\">\n                <div class=\"icon-box-img testimonial-image circle\" style=\"width: 142px\">\n              <img loading=\"lazy\" decoding=\"async\" width=\"300\" height=\"224\" src=\"https:\/\/andrehilgers.com\/wp-content\/uploads\/2019\/11\/2016-12-15-PHOTO-00000233.jpg\" class=\"attachment-thumbnail size-thumbnail\" alt=\"\" \/>        <\/div>\n                <div class=\"icon-box-text p-last-0\">\n          <div class=\"star-rating\"><span style=\"width:100%\"><strong class=\"rating\"><\/strong><\/span><\/div>  \t\t\t\t<div class=\"testimonial-text line-height-small italic test_text first-reset last-reset is-italic\">\n            \n<p>Andr\u00e9 ist ein super Lehrer! Der Unterricht mit ihm macht wahnsinnig viel Spa\u00df. Durch seine lange Banderfahrung hat er immer einen guten Rat. Er nimmt sich intensiv Zeit f\u00fcr seine Sch\u00fcler. Danke!<\/p>\n          <\/div>\n          <div class=\"testimonial-meta pt-half\">\n             <strong class=\"testimonial-name test_name\">Jan<\/strong>\n                          <span class=\"testimonial-company test_company\"><\/span>\n          <\/div>\n        <\/div>\n  <\/div>\n\n  \n              <\/div>\n           <\/div>\n                            \n<style>\n#text-box-1054722120 {\n  width: 100%;\n}\n#text-box-1054722120 .text {\n  font-size: 100%;\n}\n@media (min-width:550px) {\n  #text-box-1054722120 {\n    width: 78%;\n  }\n}\n<\/style>\n    <\/div>\n \n        <\/div>\n      <\/div>\n\n            \n<style>\n#banner-2144440041 {\n  padding-top: 378px;\n}\n#banner-2144440041 .bg.bg-loaded {\n  background-image: url(https:\/\/andrehilgers.com\/wp-content\/uploads\/2019\/11\/Andre_Hilgers_Beginner_Drum_Tutorial-2.jpg);\n}\n#banner-2144440041 .overlay {\n  background-color: rgba(0,0,0,.5);\n}\n#banner-2144440041 .bg {\n  background-position: 79% 68%;\n}\n<\/style>\n  <\/div>\n\n\n\t<div id=\"gap-1345063801\" class=\"gap-element clearfix\" style=\"display:block; height:auto;\">\n\t\t\n<style>\n#gap-1345063801 {\n  padding-top: 30px;\n}\n<\/style>\n\t<\/div>\n\t\n<div class=\"pricing-table-wrapper\">\n  <div class=\"pricing-table ux_price_table text-center box-shadow-4\">\n    <div class=\"pricing-table-header\">\n      <div class=\"title uppercase strong\">KAPITEL<\/div>\n      <div class=\"price is-xxlarge\">FULL HD VIDEO DATEIEN<\/div>\n              <div class=\"description is-small\">\n          IM 24STD. STREAM        <\/div>\n          <\/div>\n    <div class=\"pricing-table-items items\">\n      \n<p><strong><span class=\"s1\">Kapitel #01<\/span><\/strong><\/p>\n<p>Single oder Double Pedal Erl\u00e4uterungen<br \/>\nGeschwindigkeit oder Lautst\u00e4rke, Vorteile und zweck der \u00dcbungen<br \/>\nAufw\u00e4rm\u00dcbungen oder WarmUp Plan erstellen<\/p>\n<p><strong><span class=\"s1\">Kapitel #02<\/span><\/strong><\/p>\n<p>Vorbereitungen zum Aufw\u00e4rmen<br \/>\nWas kann ich \u00fcben?<br \/>\n\u00dcbungen f\u00fcr rechten und linken Fuss zur Technikanpassung<br \/>\nSchon vorhandene \u00dcbungen mit H\u00e4nden und F\u00fcssen zusammen umsetzen<\/p>\n<p><strong><span class=\"s1\">Kapitel #03<\/span><\/strong><\/p>\n<p>Vorbereitungen zum Aufw\u00e4rmen und Tips zum Aufw\u00e4rmen<br \/>\n\u00dcbungen f\u00fcr H\u00e4nde und F\u00fcsse um Technik zu verbessern und Fills zu kombinieren<\/p>\n<p><strong><span class=\"s1\">Kapitel #04-10<\/span><\/strong><\/p>\n<p>140 Grooves zum nachspielen<\/p>\n<p>Zu den Kapiteln erh\u00e4ltst Du alle Grooves und \u00dcbungen als PDF Datei!<\/p>\n<p>Dateien stehen nur im Stream und nicht zum Download zur Verf\u00fcgung.<\/p>\n    <\/div>\n      <\/div>\n<\/div>\n\n\n","protected":false},"excerpt":{"rendered":"<p><strong>INHALT:<\/strong> Schlagzeug Tutorial, Double Bass Techniken<br \/>\n<strong>DAUER:<\/strong>\u00a0120 min +<br \/>\n<b>FORMAT:\u00a0<\/b>Full HD Videos<\/p>\n","protected":false},"featured_media":4965,"comment_status":"open","ping_status":"closed","template":"","meta":[],"product_brand":[],"product_cat":[59],"product_tag":[],"class_list":{"0":"post-1659","1":"product","2":"type-product","3":"status-publish","4":"has-post-thumbnail","6":"product_cat-trainings","8":"first","9":"instock","10":"downloadable","11":"virtual","12":"purchasable","13":"product-type-simple"},"translation":{"provider":"WPGlobus","version":"3.0.0","language":"en","enabled_languages":["de","en"],"languages":{"de":{"title":true,"content":true,"excerpt":true},"en":{"title":false,"content":false,"excerpt":false}}},"_links":{"self":[{"href":"https:\/\/andrehilgers.com\/en\/wp-json\/wp\/v2\/product\/1659","targetHints":{"allow":["GET"]}}],"collection":[{"href":"https:\/\/andrehilgers.com\/en\/wp-json\/wp\/v2\/product"}],"about":[{"href":"https:\/\/andrehilgers.com\/en\/wp-json\/wp\/v2\/types\/product"}],"replies":[{"embeddable":true,"href":"https:\/\/andrehilgers.com\/en\/wp-json\/wp\/v2\/comments?post=1659"}],"wp:featuredmedia":[{"embeddable":true,"href":"https:\/\/andrehilgers.com\/en\/wp-json\/wp\/v2\/media\/4965"}],"wp:attachment":[{"href":"https:\/\/andrehilgers.com\/en\/wp-json\/wp\/v2\/media?parent=1659"}],"wp:term":[{"taxonomy":"product_brand","embeddable":true,"href":"https:\/\/andrehilgers.com\/en\/wp-json\/wp\/v2\/product_brand?post=1659"},{"taxonomy":"product_cat","embeddable":true,"href":"https:\/\/andrehilgers.com\/en\/wp-json\/wp\/v2\/product_cat?post=1659"},{"taxonomy":"product_tag","embeddable":true,"href":"https:\/\/andrehilgers.com\/en\/wp-json\/wp\/v2\/product_tag?post=1659"}],"curies":[{"name":"wp","href":"https:\/\/api.w.org\/{rel}","templated":true}]}}