{"id":1725,"date":"2018-03-18T15:45:13","date_gmt":"2018-03-18T14:45:13","guid":{"rendered":"https:\/\/andrehilgers.com\/?post_type=product&#038;p=1725"},"modified":"2026-04-12T14:00:12","modified_gmt":"2026-04-12T12:00:12","slug":"all-in-one-gold","status":"publish","type":"product","link":"https:\/\/andrehilgers.com\/en\/produkt\/all-in-one-gold\/","title":{"rendered":"ALL IN ONE GOLD"},"content":{"rendered":"<div class=\"video video-fit mb\" style=\"padding-top:56.25%;\"><p><iframe loading=\"lazy\" width=\"1020\" height=\"574\" src=\"https:\/\/www.youtube.com\/embed\/vMILE01G84o?feature=oembed\" frameborder=\"0\" allow=\"autoplay; encrypted-media\" allowfullscreen><\/iframe><\/p>\n<\/div>\n\t<div id=\"gap-2113558395\" class=\"gap-element clearfix\" style=\"display:block; height:auto;\">\n\t\t\n<style>\n#gap-2113558395 {\n  padding-top: 30px;\n}\n<\/style>\n\t<\/div>\n\t\n<div class=\"row row-collapse row-full-width align-center row-solid\"  id=\"row-498064742\">\n\n\t<div id=\"col-1572721016\" class=\"col medium-4 large-4\"  >\n\t\t<div class=\"col-inner\"  >\n\t\t\t\n\t\t\t\n<h1 style=\"text-align: center;\"><img loading=\"lazy\" decoding=\"async\" class=\"alignnone size-full wp-image-748\" src=\"http:\/\/andrehilgers.com\/wp-content\/uploads\/2017\/01\/www.png\" alt=\"\" width=\"64\" height=\"64\" \/><\/h1>\n<h1 style=\"text-align: center;\">24 STD<\/h1>\n<p style=\"text-align: center;\">Nach dem Kauf, hast Du immer Zugriff auf Deine Dateien!<\/p>\n\t\t<\/div>\n\t\t\t<\/div>\n\n\t\n\n\t<div id=\"col-1659951491\" class=\"col medium-4 large-4\"  >\n\t\t<div class=\"col-inner\"  >\n\t\t\t\n\t\t\t\n<h1 style=\"text-align: center;\"><img loading=\"lazy\" decoding=\"async\" class=\"alignnone size-full wp-image-750\" src=\"http:\/\/andrehilgers.com\/wp-content\/uploads\/2017\/01\/play_schwarz.png\" alt=\"\" width=\"64\" height=\"64\" \/><\/h1>\n<h1 style=\"text-align: center;\">JEDER BROWSER<\/h1>\n<p style=\"text-align: center;\">Die Videos sind f\u00fcr jeden aktuellen Browser optimiert, egal ob Desktop oder Mobil.<\/p>\n\t\t<\/div>\n\t\t\t<\/div>\n\n\t\n\n\t<div id=\"col-649695981\" class=\"col medium-4 large-4\"  >\n\t\t<div class=\"col-inner\"  >\n\t\t\t\n\t\t\t\n<h1 style=\"text-align: center;\"><img loading=\"lazy\" decoding=\"async\" class=\"alignnone size-full wp-image-751\" src=\"http:\/\/andrehilgers.com\/wp-content\/uploads\/2017\/01\/euro.png\" alt=\"\" width=\"64\" height=\"64\" \/><\/h1>\n<h1 style=\"text-align: center;\">GELD ZUR\u00dcCK!<\/h1>\n<p style=\"text-align: center;\">Sollte das Tutorial nicht zu Dir passen, erh\u00e4ltst Du garantiert innerhalb von 14 Tagen Dein Geld zur\u00fcck.<\/p>\n\t\t<\/div>\n\t\t\t<\/div>\n\n\t\n<\/div>\n\t<div id=\"gap-383319299\" class=\"gap-element clearfix\" style=\"display:block; height:auto;\">\n\t\t\n<style>\n#gap-383319299 {\n  padding-top: 30px;\n}\n<\/style>\n\t<\/div>\n\t\n\n  <div class=\"banner has-hover has-parallax\" id=\"banner-998262026\">\n          <div class=\"banner-inner fill\">\n        <div class=\"banner-bg fill\" data-parallax=\"-3\" data-parallax-container=\".banner\" data-parallax-background>\n            <div class=\"bg fill bg-fill \"><\/div>\n                        <div class=\"overlay\"><\/div>            \n                    <\/div>\n        <div class=\"banner-layers container\">\n            <div class=\"fill banner-link\"><\/div>            \n   <div id=\"text-box-1805189048\" class=\"text-box banner-layer x50 md-x50 lg-x50 y50 md-y50 lg-y50 res-text\">\n                                <div class=\"text dark\">\n              \n              <div class=\"text-inner text-center\">\n                  \n  <div class=\"icon-box testimonial-box icon-box-left text-left is-large\">\n                <div class=\"icon-box-img testimonial-image circle\" style=\"width: 142px\">\n              <img loading=\"lazy\" decoding=\"async\" width=\"300\" height=\"224\" src=\"https:\/\/andrehilgers.com\/wp-content\/uploads\/2019\/11\/2016-12-15-PHOTO-00000233.jpg\" class=\"attachment-thumbnail size-thumbnail\" alt=\"\" \/>        <\/div>\n                <div class=\"icon-box-text p-last-0\">\n          <div class=\"star-rating\"><span style=\"width:100%\"><strong class=\"rating\"><\/strong><\/span><\/div>  \t\t\t\t<div class=\"testimonial-text line-height-small italic test_text first-reset last-reset is-italic\">\n            \n<p>Andr\u00e9 ist ein super Lehrer! Der Unterricht mit ihm macht wahnsinnig viel Spa\u00df. Durch seine lange Banderfahrung hat er immer einen guten Rat. Er nimmt sich intensiv Zeit f\u00fcr seine Sch\u00fcler. Danke!<\/p>\n          <\/div>\n          <div class=\"testimonial-meta pt-half\">\n             <strong class=\"testimonial-name test_name\">Jan<\/strong>\n                          <span class=\"testimonial-company test_company\"><\/span>\n          <\/div>\n        <\/div>\n  <\/div>\n\n  \n              <\/div>\n           <\/div>\n                            \n<style>\n#text-box-1805189048 {\n  width: 100%;\n}\n#text-box-1805189048 .text {\n  font-size: 100%;\n}\n@media (min-width:550px) {\n  #text-box-1805189048 {\n    width: 78%;\n  }\n}\n<\/style>\n    <\/div>\n \n        <\/div>\n      <\/div>\n\n            \n<style>\n#banner-998262026 {\n  padding-top: 378px;\n}\n#banner-998262026 .bg.bg-loaded {\n  background-image: url(https:\/\/andrehilgers.com\/wp-content\/uploads\/2019\/11\/Andre_Hilgers_Beginner_Drum_Tutorial-2.jpg);\n}\n#banner-998262026 .overlay {\n  background-color: rgba(0,0,0,.5);\n}\n#banner-998262026 .bg {\n  background-position: 59% 82%;\n}\n<\/style>\n  <\/div>\n\n\n","protected":false},"excerpt":{"rendered":"<p><strong>BESCHREIBUNG:<br \/>\n<\/strong>Alle Tutorials zum Sparfuchspreis! Genug Stoff f\u00fcr viele Stunden im Proberaum!<br \/>\n<strong><br \/>\nInhalt:<br \/>\n<\/strong>Schlagzeug Beginner\u00a0Tutorial<br \/>\nSchlagzeug Advanced Tutorial<br \/>\nNoten f\u00fcr Jedermann<br \/>\nVom Proberaum auf die B\u00fchne<br \/>\nAlles rund um Fusstechniken<\/p>\n<p><strong>DAUER:<\/strong>\u00a0\u00fcber 8 Stunden<\/p>\n<p><b>FORMAT:\u00a0<\/b>Full HD Videos im Stream<\/p>\n<p>SOFORT LIEFERBAR<\/p>\n","protected":false},"featured_media":4966,"comment_status":"open","ping_status":"closed","template":"","meta":[],"product_brand":[],"product_cat":[59],"product_tag":[],"class_list":{"0":"post-1725","1":"product","2":"type-product","3":"status-publish","4":"has-post-thumbnail","6":"product_cat-trainings","8":"first","9":"instock","10":"sale","11":"downloadable","12":"virtual","13":"sold-individually","14":"purchasable","15":"product-type-simple"},"translation":{"provider":"WPGlobus","version":"3.0.0","language":"en","enabled_languages":["de","en"],"languages":{"de":{"title":true,"content":true,"excerpt":true},"en":{"title":false,"content":false,"excerpt":false}}},"_links":{"self":[{"href":"https:\/\/andrehilgers.com\/en\/wp-json\/wp\/v2\/product\/1725","targetHints":{"allow":["GET"]}}],"collection":[{"href":"https:\/\/andrehilgers.com\/en\/wp-json\/wp\/v2\/product"}],"about":[{"href":"https:\/\/andrehilgers.com\/en\/wp-json\/wp\/v2\/types\/product"}],"replies":[{"embeddable":true,"href":"https:\/\/andrehilgers.com\/en\/wp-json\/wp\/v2\/comments?post=1725"}],"wp:featuredmedia":[{"embeddable":true,"href":"https:\/\/andrehilgers.com\/en\/wp-json\/wp\/v2\/media\/4966"}],"wp:attachment":[{"href":"https:\/\/andrehilgers.com\/en\/wp-json\/wp\/v2\/media?parent=1725"}],"wp:term":[{"taxonomy":"product_brand","embeddable":true,"href":"https:\/\/andrehilgers.com\/en\/wp-json\/wp\/v2\/product_brand?post=1725"},{"taxonomy":"product_cat","embeddable":true,"href":"https:\/\/andrehilgers.com\/en\/wp-json\/wp\/v2\/product_cat?post=1725"},{"taxonomy":"product_tag","embeddable":true,"href":"https:\/\/andrehilgers.com\/en\/wp-json\/wp\/v2\/product_tag?post=1725"}],"curies":[{"name":"wp","href":"https:\/\/api.w.org\/{rel}","templated":true}]}}