{"id":272,"date":"2016-11-10T10:04:05","date_gmt":"2016-11-10T09:04:05","guid":{"rendered":"http:\/\/andrehilgers.com\/?post_type=product&#038;p=272"},"modified":"2023-02-07T15:16:22","modified_gmt":"2023-02-07T14:16:22","slug":"beginner-tutorial","status":"publish","type":"product","link":"https:\/\/andrehilgers.com\/en\/produkt\/beginner-tutorial\/","title":{"rendered":"BEGINNER TUTORIAL"},"content":{"rendered":"<div class=\"video video-fit mb box-shadow-4\" style=\"padding-top:56.25%;\"><p><iframe loading=\"lazy\" width=\"1020\" height=\"574\" src=\"https:\/\/www.youtube.com\/embed\/ZqC2RvcFLm8?feature=oembed\" frameborder=\"0\" allowfullscreen><\/iframe><\/p>\n<\/div>\n<div class=\"row row-collapse row-full-width align-center row-solid\"  id=\"row-245782681\">\n\n\t<div id=\"col-1702756192\" class=\"col medium-4 large-4\"  >\n\t\t<div class=\"col-inner text-center\"  >\n\t\t\t\n\t\t\t\n<h1 style=\"text-align: center;\"><img loading=\"lazy\" decoding=\"async\" class=\"alignnone size-full wp-image-737\" src=\"http:\/\/andrehilgers.com\/wp-content\/uploads\/2017\/01\/filmklappe.png\" alt=\"\" width=\"64\" height=\"64\" \/><br \/>\n180+ Min.<\/h1>\n<p style=\"text-align: center;\">Intensives Schlagzeugtraining mit Lernmaterial f\u00fcr\u00a0<strong>ZWEI<\/strong>\u00a0Jahre!<\/p>\n\t\t<\/div>\n\t\t\t<\/div>\n\n\t\n\n\t<div id=\"col-1314607146\" class=\"col medium-4 large-4\"  >\n\t\t<div class=\"col-inner\"  >\n\t\t\t\n\t\t\t\n<h1 style=\"text-align: center;\"><img loading=\"lazy\" decoding=\"async\" class=\"alignnone size-full wp-image-738\" src=\"http:\/\/andrehilgers.com\/wp-content\/uploads\/2017\/01\/hilgerspad.png\" alt=\"\" width=\"64\" height=\"64\" \/><br \/>\nDEIN SPEED<\/h1>\n<p style=\"text-align: center;\">Alle Videos sind f\u00fcr Dein Tablet optimiert und in Kapitel eingeteilt.<\/p>\n\t\t<\/div>\n\t\t\t<\/div>\n\n\t\n\n\t<div id=\"col-1139978225\" class=\"col medium-4 large-4\"  >\n\t\t<div class=\"col-inner\"  >\n\t\t\t\n\t\t\t\n<h1 style=\"text-align: center;\"><img loading=\"lazy\" decoding=\"async\" class=\"alignnone size-full wp-image-756\" src=\"http:\/\/andrehilgers.com\/wp-content\/uploads\/2017\/01\/musical-note.png\" alt=\"\" width=\"64\" height=\"64\" \/><br \/>\n160\u00a0GROOVES<\/h1>\n<p style=\"text-align: center;\">Zum Tutorial erh\u00e4ltst Du \u00fcber <strong>160<\/strong> Grooves und <strong>20<\/strong> \u00dcbungen.<\/p>\n\t\t<\/div>\n\t\t\t<\/div>\n\n\t\n<\/div>\n\t<div id=\"gap-38776028\" class=\"gap-element clearfix\" style=\"display:block; height:auto;\">\n\t\t\n<style>\n#gap-38776028 {\n  padding-top: 30px;\n}\n<\/style>\n\t<\/div>\n\t\n\n  <div class=\"banner has-hover\" id=\"banner-1463976284\">\n          <div class=\"banner-inner fill\">\n        <div class=\"banner-bg fill\" >\n            <div class=\"bg fill bg-fill \"><\/div>\n                        <div class=\"overlay\"><\/div>            \n                    <\/div>\n        <div class=\"banner-layers container\">\n            <div class=\"fill banner-link\"><\/div>            \n   <div id=\"text-box-1474223586\" class=\"text-box banner-layer x50 md-x50 lg-x50 y50 md-y50 lg-y50 res-text\">\n                                <div class=\"text box-shadow-3 dark\">\n              \n              <div class=\"text-inner text-center\">\n                  \n<h4 class=\"uppercase\" style=\"text-align: center;\"><strong>Schlagzeug lernen<\/strong><\/h4>\n<p style=\"text-align: center;\">Lerne den systematischen Aufbau von verschiedenen Grooves im 4tel, 8tel &amp; 16tel Bereich, sowie\u00a0Kombinationen mit Fills, Rudiments, Paradiddlen und Grooves.<\/p>\n<p style=\"text-align: center;\">Erlerne die Basis wie bspw.\u00a0Stock und Fusstechniken.<\/p>\n<p style=\"text-align: center;\">Schaue mir aus vier verschiedenen Kameraeinstellungen beim spielen zu!<\/p>\n              <\/div>\n           <\/div>\n                            \n<style>\n#text-box-1474223586 .text {\n  background-color: rgba(0, 0, 0, 0.86);\n  font-size: 100%;\n}\n#text-box-1474223586 .text-inner {\n  padding: 30px 30px 30px 30px;\n}\n#text-box-1474223586 {\n  width: 60%;\n}\n@media (min-width:550px) {\n  #text-box-1474223586 {\n    width: 40%;\n  }\n}\n<\/style>\n    <\/div>\n \n        <\/div>\n      <\/div>\n\n            \n<style>\n#banner-1463976284 {\n  padding-top: 591px;\n}\n#banner-1463976284 .bg.bg-loaded {\n  background-image: url(https:\/\/andrehilgers.com\/wp-content\/uploads\/2018\/03\/equipmentheader-652x217.png);\n}\n#banner-1463976284 .overlay {\n  background-color: rgba(0,0,0,.5);\n}\n#banner-1463976284 .bg {\n  background-position: 51% 14%;\n}\n<\/style>\n  <\/div>\n\n\n<div class=\"is-divider divider clearfix\" style=\"max-width:0px;height:10px;\"><\/div>\n<div class=\"row row-collapse row-full-width align-center row-solid\"  id=\"row-1681284639\">\n\n\t<div id=\"col-821363294\" class=\"col medium-4 large-4\"  >\n\t\t<div class=\"col-inner\"  >\n\t\t\t\n\t\t\t\n<h1 style=\"text-align: center;\"><img loading=\"lazy\" decoding=\"async\" class=\"alignnone size-full wp-image-748\" src=\"http:\/\/andrehilgers.com\/wp-content\/uploads\/2017\/01\/www.png\" alt=\"\" width=\"64\" height=\"64\" \/><\/h1>\n<h1 style=\"text-align: center;\">24 STD<\/h1>\n<p style=\"text-align: center;\">Nach dem Kauf, hast Du immer Zugriff auf Deine Dateien!<\/p>\n\t\t<\/div>\n\t\t\t<\/div>\n\n\t\n\n\t<div id=\"col-351915383\" class=\"col medium-4 large-4\"  >\n\t\t<div class=\"col-inner\"  >\n\t\t\t\n\t\t\t\n<h1 style=\"text-align: center;\"><img loading=\"lazy\" decoding=\"async\" class=\"alignnone size-full wp-image-750\" src=\"http:\/\/andrehilgers.com\/wp-content\/uploads\/2017\/01\/play_schwarz.png\" alt=\"\" width=\"64\" height=\"64\" \/><\/h1>\n<h1 style=\"text-align: center;\">JEDER BROWSER<\/h1>\n<p style=\"text-align: center;\">Die Videos sind f\u00fcr jeden aktuellen Browser optimiert, egal ob Desktop oder Mobil.<\/p>\n\t\t<\/div>\n\t\t\t<\/div>\n\n\t\n\n\t<div id=\"col-1175356227\" class=\"col medium-4 large-4\"  >\n\t\t<div class=\"col-inner\"  >\n\t\t\t\n\t\t\t\n<h1 style=\"text-align: center;\"><img loading=\"lazy\" decoding=\"async\" class=\"alignnone size-full wp-image-751\" src=\"http:\/\/andrehilgers.com\/wp-content\/uploads\/2017\/01\/euro.png\" alt=\"\" width=\"64\" height=\"64\" \/><\/h1>\n<h1 style=\"text-align: center;\">GELD ZUR\u00dcCK!<\/h1>\n<p style=\"text-align: center;\">Sollte das Tutorial nicht zu Dir passen, erh\u00e4ltst Du garantiert innerhalb von 14 Tagen Dein Geld zur\u00fcck.<\/p>\n\t\t<\/div>\n\t\t\t<\/div>\n\n\t\n<\/div>\n\t<div id=\"gap-1515150134\" class=\"gap-element clearfix\" style=\"display:block; height:auto;\">\n\t\t\n<style>\n#gap-1515150134 {\n  padding-top: 30px;\n}\n<\/style>\n\t<\/div>\n\t\n<div class=\"slider-wrapper relative\" id=\"slider-2119541960\" >\n    <div class=\"slider slider-nav-circle slider-nav-normal slider-nav-light slider-style-normal\"\n        data-flickity-options='{\n            \"cellAlign\": \"center\",\n            \"imagesLoaded\": true,\n            \"lazyLoad\": 1,\n            \"freeScroll\": false,\n            \"wrapAround\": true,\n            \"autoPlay\": false,\n            \"pauseAutoPlayOnHover\" : true,\n            \"prevNextButtons\": true,\n            \"contain\" : true,\n            \"adaptiveHeight\" : true,\n            \"dragThreshold\" : 10,\n            \"percentPosition\": true,\n            \"pageDots\": true,\n            \"rightToLeft\": false,\n            \"draggable\": true,\n            \"selectedAttraction\": 0.1,\n            \"parallax\" : 0,\n            \"friction\": 0.6        }'\n        >\n        \n\n  <div class=\"banner has-hover has-parallax\" id=\"banner-1636828470\">\n          <div class=\"banner-inner fill\">\n        <div class=\"banner-bg fill\" data-parallax=\"-3\" data-parallax-container=\".banner\" data-parallax-background>\n            <div class=\"bg fill bg-fill \"><\/div>\n                        <div class=\"overlay\"><\/div>            \n                    <\/div>\n        <div class=\"banner-layers container\">\n            <div class=\"fill banner-link\"><\/div>            \n   <div id=\"text-box-1626805904\" class=\"text-box banner-layer x50 md-x50 lg-x50 y50 md-y50 lg-y50 res-text\">\n                                <div class=\"text dark\">\n              \n              <div class=\"text-inner text-center\">\n                  \n  <div class=\"icon-box testimonial-box icon-box-left text-left is-large\">\n                <div class=\"icon-box-img testimonial-image circle\" style=\"width: 142px\">\n              <img loading=\"lazy\" decoding=\"async\" width=\"300\" height=\"224\" src=\"https:\/\/andrehilgers.com\/wp-content\/uploads\/2019\/11\/2016-12-15-PHOTO-00000233.jpg\" class=\"attachment-thumbnail size-thumbnail\" alt=\"\" \/>        <\/div>\n                <div class=\"icon-box-text p-last-0\">\n          <div class=\"star-rating\"><span style=\"width:100%\"><strong class=\"rating\"><\/strong><\/span><\/div>  \t\t\t\t<div class=\"testimonial-text line-height-small italic test_text first-reset last-reset is-italic\">\n            \n<p>Andr\u00e9 ist ein super Lehrer! Der Unterricht mit ihm macht wahnsinnig viel Spa\u00df. Durch seine lange Banderfahrung hat er immer einen guten Rat. Er nimmt sich intensiv Zeit f\u00fcr seine Sch\u00fcler. Danke!<\/p>\n          <\/div>\n          <div class=\"testimonial-meta pt-half\">\n             <strong class=\"testimonial-name test_name\">Jan<\/strong>\n                          <span class=\"testimonial-company test_company\"><\/span>\n          <\/div>\n        <\/div>\n  <\/div>\n\n  \n              <\/div>\n           <\/div>\n                            \n<style>\n#text-box-1626805904 {\n  width: 100%;\n}\n#text-box-1626805904 .text {\n  font-size: 100%;\n}\n@media (min-width:550px) {\n  #text-box-1626805904 {\n    width: 78%;\n  }\n}\n<\/style>\n    <\/div>\n \n        <\/div>\n      <\/div>\n\n            \n<style>\n#banner-1636828470 {\n  padding-top: 378px;\n}\n#banner-1636828470 .bg.bg-loaded {\n  background-image: url(https:\/\/andrehilgers.com\/wp-content\/uploads\/2019\/11\/Andre_Hilgers_Beginner_Drum_Tutorial-2.jpg);\n}\n#banner-1636828470 .overlay {\n  background-color: rgba(0,0,0,.5);\n}\n#banner-1636828470 .bg {\n  background-position: 79% 68%;\n}\n<\/style>\n  <\/div>\n\n\n     <\/div>\n\n     <div class=\"loading-spin dark large centered\"><\/div>\n\n     <\/div>\n\n\n\t<div id=\"gap-2031488663\" class=\"gap-element clearfix\" style=\"display:block; height:auto;\">\n\t\t\n<style>\n#gap-2031488663 {\n  padding-top: 30px;\n}\n<\/style>\n\t<\/div>\n\t\n<div class=\"pricing-table-wrapper\">\n  <div class=\"pricing-table ux_price_table text-center box-shadow-4\">\n    <div class=\"pricing-table-header\">\n      <div class=\"title uppercase strong\">KAPITEL<\/div>\n      <div class=\"price is-xxlarge\">FULL HD VIDEO DATEIEN<\/div>\n              <div class=\"description is-small\">\n          IM 24 STD. STREAM        <\/div>\n          <\/div>\n    <div class=\"pricing-table-items items\">\n      \n<p style=\"text-align: left;\"><strong>01<\/strong> Intro &amp; 4tel Snare \u00dcbungen<\/p>\n<p style=\"text-align: left;\"><strong>02<\/strong> 8tel + 16tel Snare \u00dcbungen<\/p>\n<p style=\"text-align: left;\"><strong>03<\/strong> Euer erster 4tel + 8tel Groove<\/p>\n<p style=\"text-align: left;\"><strong>04<\/strong> 8tel Snare Aufw\u00e4rmen \u00dcbungen<\/p>\n<p style=\"text-align: left;\"><strong>05<\/strong> 8tel Grooves 1-10<\/p>\n<p style=\"text-align: left;\"><strong>06<\/strong> 8tel Grooves 11-20<\/p>\n<p style=\"text-align: left;\"><strong>07<\/strong> 8tel Grooves 21-40<\/p>\n<p style=\"text-align: left;\"><strong>08<\/strong> 8tel Grooves 41-80<\/p>\n<p style=\"text-align: left;\"><strong>09<\/strong> 16tel Snare Paradiddle \u00dcbungen<\/p>\n<p style=\"text-align: left;\"><strong>10<\/strong> 16tel Grooves 1-40 Einh\u00e4ndig auf der Hihat<\/p>\n<p style=\"text-align: left;\"><strong>11<\/strong> 16tel Grooves 1-40 Beidh\u00e4ndig auf der Hihat &#8211; Outro<\/p>\n<p style=\"text-align: left;\"><strong>12<\/strong> BONUSKAPITEL &#8211; Aufbau Deines Schlagzeugs<\/p>\n<p style=\"text-align: left;\">Zu den Kapiteln erh\u00e4ltst Du ein hochwertiges Playalong, sowie alle Grooves und \u00dcbungen als PDF Datei!<\/p>\n<p>Dateien stehen nur im Stream und nicht zum Download zur Verf\u00fcgung.<\/p>\n    <\/div>\n      <\/div>\n<\/div>\n\n\n","protected":false},"excerpt":{"rendered":"<p><strong>INHALT:<\/strong> Schlagzeug Beginner\u00a0Tutorial<br \/>\n<strong>DAUER:<\/strong>\u00a0180+ Minuten<br \/>\n<b>FORMAT:\u00a0<\/b>Full HD Videos<br \/>\n<strong>BONUS 1 :<\/strong> Schlagzeug Aufbau Video<br \/>\n<strong>BONUS 2 :<\/strong>\u00a0Hochwertiges\u00a0Playalong<\/p>\n<p>SOFORT LIEFERBAR<\/p>\n","protected":false},"featured_media":4964,"comment_status":"open","ping_status":"closed","template":"","meta":[],"product_brand":[],"product_cat":[59],"product_tag":[65,66,68,67,60],"class_list":{"0":"post-272","1":"product","2":"type-product","3":"status-publish","4":"has-post-thumbnail","6":"product_cat-trainings","7":"product_tag-anfaenger-schlagzeugtraining","8":"product_tag-drum-tutorial","9":"product_tag-online-schlagzeug-training","10":"product_tag-online-schlagzeug-tutorial","11":"product_tag-trainings","13":"first","14":"instock","15":"downloadable","16":"virtual","17":"sold-individually","18":"purchasable","19":"product-type-simple"},"translation":{"provider":"WPGlobus","version":"3.0.0","language":"en","enabled_languages":["de","en"],"languages":{"de":{"title":true,"content":true,"excerpt":true},"en":{"title":false,"content":false,"excerpt":false}}},"_links":{"self":[{"href":"https:\/\/andrehilgers.com\/en\/wp-json\/wp\/v2\/product\/272","targetHints":{"allow":["GET"]}}],"collection":[{"href":"https:\/\/andrehilgers.com\/en\/wp-json\/wp\/v2\/product"}],"about":[{"href":"https:\/\/andrehilgers.com\/en\/wp-json\/wp\/v2\/types\/product"}],"replies":[{"embeddable":true,"href":"https:\/\/andrehilgers.com\/en\/wp-json\/wp\/v2\/comments?post=272"}],"wp:featuredmedia":[{"embeddable":true,"href":"https:\/\/andrehilgers.com\/en\/wp-json\/wp\/v2\/media\/4964"}],"wp:attachment":[{"href":"https:\/\/andrehilgers.com\/en\/wp-json\/wp\/v2\/media?parent=272"}],"wp:term":[{"taxonomy":"product_brand","embeddable":true,"href":"https:\/\/andrehilgers.com\/en\/wp-json\/wp\/v2\/product_brand?post=272"},{"taxonomy":"product_cat","embeddable":true,"href":"https:\/\/andrehilgers.com\/en\/wp-json\/wp\/v2\/product_cat?post=272"},{"taxonomy":"product_tag","embeddable":true,"href":"https:\/\/andrehilgers.com\/en\/wp-json\/wp\/v2\/product_tag?post=272"}],"curies":[{"name":"wp","href":"https:\/\/api.w.org\/{rel}","templated":true}]}}